{"id":22149,"date":"2026-01-09T23:15:41","date_gmt":"2026-01-09T22:15:41","guid":{"rendered":"https:\/\/ual.edu.al\/politika-e-privatesise\/"},"modified":"2026-03-12T21:39:24","modified_gmt":"2026-03-12T20:39:24","slug":"politika-e-privatesise","status":"publish","type":"page","link":"https:\/\/ual.edu.al\/sq\/politika-e-privatesise\/","title":{"rendered":"Politika e Privat\u00ebsis\u00eb"},"content":{"rendered":"\n<h2 class=\"wp-block-heading\">Kush jemi ne<\/h2>\n\n<p><strong class=\"privacy-policy-tutorial\">Tekst i sugjeruar:<\/strong> Adresa e faqes son\u00eb t\u00eb internetit \u00ebsht\u00eb: https:\/\/ual.edu.al.<\/p>\n\n<h2 class=\"wp-block-heading\">Komente<\/h2>\n\n<p><strong class=\"privacy-policy-tutorial\">Tekst i sugjeruar:<\/strong> Kur vizitor\u00ebt l\u00ebn\u00eb komente n\u00eb faqe, ne mbledhim t\u00eb dh\u00ebnat e paraqitura n\u00eb formularin e komenteve, si dhe adres\u00ebn IP t\u00eb vizitorit dhe vargun e agjentit t\u00eb p\u00ebrdoruesit t\u00eb shfletuesit p\u00ebr t\u00eb ndihmuar n\u00eb zbulimin e spamit.<\/p>\n\n<p>Nj\u00eb varg anonim i krijuar nga adresa juaj e emailit (i quajtur edhe hash) mund t&#8217;i ofrohet sh\u00ebrbimit Gravatar p\u00ebr t\u00eb par\u00eb n\u00ebse po e p\u00ebrdorni at\u00eb. Politika e privat\u00ebsis\u00eb s\u00eb sh\u00ebrbimit Gravatar \u00ebsht\u00eb e disponueshme k\u00ebtu: https:\/\/automattic.com\/privacy\/. Pas miratimit t\u00eb komentit tuaj, fotografia e profilit tuaj \u00ebsht\u00eb e dukshme p\u00ebr publikun n\u00eb kontekstin e komentit tuaj. <\/p>\n\n<h2 class=\"wp-block-heading\">Media<\/h2>\n\n<p><strong class=\"privacy-policy-tutorial\">Tekst i sugjeruar:<\/strong> N\u00ebse ngarkoni imazhe n\u00eb faqen e internetit, duhet t\u00eb shmangni ngarkimin e imazheve me t\u00eb dh\u00ebna t\u00eb vendndodhjes s\u00eb integruara (EXIF GPS). Vizitor\u00ebt e faqes s\u00eb internetit mund t\u00eb shkarkojn\u00eb dhe nxjerrin \u00e7do t\u00eb dh\u00ebn\u00eb vendndodhjeje nga imazhet n\u00eb faqen e internetit. <\/p>\n\n<h2 class=\"wp-block-heading\">Kukit\u00eb<\/h2>\n\n<p><strong class=\"privacy-policy-tutorial\">Tekst i sugjeruar:<\/strong> N\u00ebse lini nj\u00eb koment n\u00eb faqen ton\u00eb t\u00eb internetit, mund t\u00eb zgjidhni t\u00eb ruani emrin, adres\u00ebn e email-it dhe faqen e internetit n\u00eb cookie. K\u00ebto jan\u00eb p\u00ebr leht\u00ebsin\u00eb tuaj, n\u00eb m\u00ebnyr\u00eb q\u00eb t\u00eb mos keni nevoj\u00eb t\u00eb plot\u00ebsoni p\u00ebrs\u00ebri t\u00eb dh\u00ebnat tuaja kur t\u00eb lini nj\u00eb koment tjet\u00ebr. K\u00ebto cookie do t\u00eb zgjasin p\u00ebr nj\u00eb vit.  <\/p>\n\n<p>N\u00ebse vizitoni faqen ton\u00eb t\u00eb hyrjes, ne do t\u00eb vendosim nj\u00eb cookie t\u00eb p\u00ebrkohsh\u00ebm p\u00ebr t\u00eb p\u00ebrcaktuar n\u00ebse shfletuesi juaj pranon cookie-t. Ky cookie nuk p\u00ebrmban t\u00eb dh\u00ebna personale dhe fshihet kur mbyllni shfletuesin tuaj. <\/p>\n\n<p>Kur t\u00eb hyni n\u00eb llogari, ne do t\u00eb konfigurojm\u00eb gjithashtu disa cookie p\u00ebr t\u00eb ruajtur informacionin tuaj t\u00eb hyrjes dhe zgjedhjet tuaja t\u00eb shfaqjes s\u00eb ekranit. Cookie-t e hyrjes zgjasin p\u00ebr dy dit\u00eb, dhe cookie-t e opsioneve t\u00eb ekranit zgjasin p\u00ebr nj\u00eb vit. N\u00ebse zgjidhni &#8220;M\u00eb mbaj mend&#8221;, hyrja juaj do t\u00eb vazhdoj\u00eb p\u00ebr dy jav\u00eb. N\u00ebse dilni nga llogaria juaj, cookie-t e hyrjes do t\u00eb hiqen.   <\/p>\n\n<p>N\u00ebse redaktoni ose publikoni nj\u00eb artikull, nj\u00eb cookie shtes\u00eb do t\u00eb ruhet n\u00eb shfletuesin tuaj. Ky cookie nuk p\u00ebrfshin t\u00eb dh\u00ebna personale dhe thjesht tregon ID-n\u00eb e postimit t\u00eb artikullit q\u00eb sapo redaktuat. Ai skadon pas 1 dite.  <\/p>\n\n<h2 class=\"wp-block-heading\">P\u00ebrmbajtje e integruar nga faqet e tjera t\u00eb internetit<\/h2>\n\n<p><strong class=\"privacy-policy-tutorial\">Tekst i sugjeruar:<\/strong> Artikujt n\u00eb k\u00ebt\u00eb faqe mund t\u00eb p\u00ebrfshijn\u00eb p\u00ebrmbajtje t\u00eb integruar (p.sh. video, imazhe, artikuj, etj.). P\u00ebrmbajtja e integruar nga faqet e tjera t\u00eb internetit sillet n\u00eb t\u00eb nj\u00ebjt\u00ebn m\u00ebnyr\u00eb sikur vizitori t\u00eb ket\u00eb vizituar faqen tjet\u00ebr t\u00eb internetit. <\/p>\n\n<p>K\u00ebto faqe interneti mund t\u00eb mbledhin t\u00eb dh\u00ebna rreth jush, t\u00eb p\u00ebrdorin cookie-t, t\u00eb p\u00ebrfshijn\u00eb gjurmim shtes\u00eb nga pal\u00eb t\u00eb treta dhe t\u00eb monitorojn\u00eb nd\u00ebrveprimin tuaj me at\u00eb p\u00ebrmbajtje t\u00eb integruar, duke p\u00ebrfshir\u00eb gjurmimin e nd\u00ebrveprimit tuaj me p\u00ebrmbajtjen e integruar n\u00ebse keni nj\u00eb llogari dhe jeni t\u00eb ky\u00e7ur n\u00eb at\u00eb faqe interneti.<\/p>\n\n<h2 class=\"wp-block-heading\">Me k\u00eb i ndajm\u00eb t\u00eb dh\u00ebnat tuaja<\/h2>\n\n<p><strong class=\"privacy-policy-tutorial\">Tekst i sugjeruar:<\/strong> N\u00ebse k\u00ebrkoni nj\u00eb rivendosje t\u00eb fjal\u00ebkalimit, adresa juaj IP do t\u00eb p\u00ebrfshihet n\u00eb emailin e rivendosjes.<\/p>\n\n<h2 class=\"wp-block-heading\">P\u00ebr sa koh\u00eb i ruajm\u00eb t\u00eb dh\u00ebnat tuaja<\/h2>\n\n<p><strong class=\"privacy-policy-tutorial\">Tekst i sugjeruar:<\/strong> N\u00ebse lini nj\u00eb koment, komenti dhe meta t\u00eb dh\u00ebnat e tij ruhen p\u00ebr nj\u00eb koh\u00eb t\u00eb pacaktuar. Kjo b\u00ebhet n\u00eb m\u00ebnyr\u00eb q\u00eb t\u00eb njohim dhe miratojm\u00eb automatikisht \u00e7do koment pasues n\u00eb vend q\u00eb t&#8217;i mbajm\u00eb ato n\u00eb nj\u00eb radh\u00eb moderimi. <\/p>\n\n<p>P\u00ebr p\u00ebrdoruesit q\u00eb regjistrohen n\u00eb faqen ton\u00eb t\u00eb internetit (n\u00ebse ka), ne gjithashtu ruajm\u00eb informacionin personal q\u00eb ata japin n\u00eb profilin e tyre t\u00eb p\u00ebrdoruesit. T\u00eb gjith\u00eb p\u00ebrdoruesit mund t\u00eb shohin, modifikojn\u00eb ose fshijn\u00eb informacionin e tyre personal n\u00eb \u00e7do koh\u00eb (p\u00ebrve\u00e7se ata nuk mund t\u00eb ndryshojn\u00eb emrin e p\u00ebrdoruesit). Administrator\u00ebt e faqes s\u00eb internetit gjithashtu mund ta shohin dhe modifikojn\u00eb at\u00eb informacion.  <\/p>\n\n<h2 class=\"wp-block-heading\">\u00c7far\u00eb t\u00eb drejtash keni mbi t\u00eb dh\u00ebnat tuaja<\/h2>\n\n<p><strong class=\"privacy-policy-tutorial\">Tekst i sugjeruar:<\/strong> N\u00ebse keni nj\u00eb llogari n\u00eb k\u00ebt\u00eb faqe interneti ose keni l\u00ebn\u00eb komente, mund t\u00eb k\u00ebrkoni t\u00eb merrni nj\u00eb skedar t\u00eb eksportuar t\u00eb t\u00eb dh\u00ebnave personale q\u00eb mbajm\u00eb p\u00ebr ju, duke p\u00ebrfshir\u00eb \u00e7do t\u00eb dh\u00ebn\u00eb q\u00eb na keni dh\u00ebn\u00eb. Gjithashtu mund t\u00eb k\u00ebrkoni q\u00eb t\u00eb fshijm\u00eb \u00e7do t\u00eb dh\u00ebn\u00eb personale q\u00eb mbajm\u00eb p\u00ebr ju. Kjo nuk p\u00ebrfshin asnj\u00eb t\u00eb dh\u00ebn\u00eb q\u00eb jemi t\u00eb detyruar t\u00eb ruajm\u00eb p\u00ebr q\u00ebllime administrative, ligjore ose sigurie.  <\/p>\n\n<h2 class=\"wp-block-heading\">Ku d\u00ebrgohen t\u00eb dh\u00ebnat tuaja<\/h2>\n\n<p><strong class=\"privacy-policy-tutorial\">Tekst i sugjeruar:<\/strong> Komentet e vizitor\u00ebve mund t\u00eb kontrollohen p\u00ebrmes nj\u00eb sh\u00ebrbimi automatik t\u00eb zbulimit t\u00eb spamit.<\/p>\n","protected":false},"excerpt":{"rendered":"<p>Kush jemi ne Tekst i sugjeruar: Adresa e faqes son\u00eb t\u00eb internetit \u00ebsht\u00eb: https:\/\/ual.edu.al. Komente Tekst i sugjeruar: Kur vizitor\u00ebt l\u00ebn\u00eb komente n\u00eb faqe, ne mbledhim t\u00eb dh\u00ebnat e paraqitura&#8230;<\/p>\n","protected":false},"author":1,"featured_media":0,"parent":0,"menu_order":0,"comment_status":"closed","ping_status":"closed","template":"","meta":{"_acf_changed":false,"_price":"","_stock":"","_tribe_ticket_header":"","_tribe_default_ticket_provider":"","_tribe_ticket_capacity":"0","_ticket_start_date":"","_ticket_end_date":"","_tribe_ticket_show_description":"","_tribe_ticket_show_not_going":false,"_tribe_ticket_use_global_stock":"","_tribe_ticket_global_stock_level":"","_global_stock_mode":"","_global_stock_cap":"","_tribe_rsvp_for_event":"","_tribe_ticket_going_count":"","_tribe_ticket_not_going_count":"","_tribe_tickets_list":"[]","_tribe_ticket_has_attendee_info_fields":false,"footnotes":"","_tec_slr_enabled":"","_tec_slr_layout":""},"class_list":["post-22149","page","type-page","status-publish","hentry"],"acf":[],"yoast_head":"<!-- This site is optimized with the Yoast SEO Premium plugin v27.0 (Yoast SEO v27.3) - https:\/\/yoast.com\/product\/yoast-seo-premium-wordpress\/ -->\n<title>Politika e Privat\u00ebsis\u00eb - Aldent University<\/title>\n<meta name=\"robots\" content=\"index, follow, max-snippet:-1, max-image-preview:large, max-video-preview:-1\" \/>\n<link rel=\"canonical\" href=\"https:\/\/ual.edu.al\/sq\/politika-e-privatesise\/\" \/>\n<meta property=\"og:locale\" content=\"sq_AL\" \/>\n<meta property=\"og:type\" content=\"article\" \/>\n<meta property=\"og:title\" content=\"Politika e Privat\u00ebsis\u00eb - Aldent University\" \/>\n<meta property=\"og:description\" content=\"Kush jemi ne Tekst i sugjeruar: Adresa e faqes son\u00eb t\u00eb internetit \u00ebsht\u00eb: https:\/\/ual.edu.al. Komente Tekst i sugjeruar: Kur vizitor\u00ebt l\u00ebn\u00eb komente n\u00eb faqe, ne mbledhim t\u00eb dh\u00ebnat e paraqitura...\" \/>\n<meta property=\"og:url\" content=\"https:\/\/ual.edu.al\/sq\/politika-e-privatesise\/\" \/>\n<meta property=\"og:site_name\" content=\"Aldent University\" \/>\n<meta property=\"article:publisher\" content=\"https:\/\/www.facebook.com\/universitetialdent\" \/>\n<meta property=\"article:modified_time\" content=\"2026-03-12T20:39:24+00:00\" \/>\n<meta property=\"og:image\" content=\"https:\/\/ual.edu.al\/wp-content\/uploads\/2024\/08\/FRAME-ALDENT_1.80.1.jpg\" \/>\n\t<meta property=\"og:image:width\" content=\"1365\" \/>\n\t<meta property=\"og:image:height\" content=\"768\" \/>\n\t<meta property=\"og:image:type\" content=\"image\/jpeg\" \/>\n<meta name=\"twitter:card\" content=\"summary_large_image\" \/>\n<meta name=\"twitter:label1\" content=\"Est. reading time\" \/>\n\t<meta name=\"twitter:data1\" content=\"4 minuta\" \/>\n<script type=\"application\/ld+json\" class=\"yoast-schema-graph\">{\"@context\":\"https:\\\/\\\/schema.org\",\"@graph\":[{\"@type\":\"Article\",\"@id\":\"https:\\\/\\\/ual.edu.al\\\/sq\\\/politika-e-privatesise\\\/#article\",\"isPartOf\":{\"@id\":\"https:\\\/\\\/ual.edu.al\\\/sq\\\/politika-e-privatesise\\\/\"},\"author\":{\"name\":\"ual\",\"@id\":\"https:\\\/\\\/ual.edu.al\\\/sq\\\/#\\\/schema\\\/person\\\/91249525253cdd86eca374d213c4ad3b\"},\"headline\":\"Politika e Privat\u00ebsis\u00eb\",\"datePublished\":\"2026-01-09T22:15:41+00:00\",\"dateModified\":\"2026-03-12T20:39:24+00:00\",\"mainEntityOfPage\":{\"@id\":\"https:\\\/\\\/ual.edu.al\\\/sq\\\/politika-e-privatesise\\\/\"},\"wordCount\":828,\"publisher\":{\"@id\":\"https:\\\/\\\/ual.edu.al\\\/sq\\\/#organization\"},\"inLanguage\":\"sq\"},{\"@type\":\"WebPage\",\"@id\":\"https:\\\/\\\/ual.edu.al\\\/sq\\\/politika-e-privatesise\\\/\",\"url\":\"https:\\\/\\\/ual.edu.al\\\/sq\\\/politika-e-privatesise\\\/\",\"name\":\"Politika e Privat\u00ebsis\u00eb - Aldent University\",\"isPartOf\":{\"@id\":\"https:\\\/\\\/ual.edu.al\\\/sq\\\/#website\"},\"datePublished\":\"2026-01-09T22:15:41+00:00\",\"dateModified\":\"2026-03-12T20:39:24+00:00\",\"breadcrumb\":{\"@id\":\"https:\\\/\\\/ual.edu.al\\\/sq\\\/politika-e-privatesise\\\/#breadcrumb\"},\"inLanguage\":\"sq\",\"potentialAction\":[{\"@type\":\"ReadAction\",\"target\":[\"https:\\\/\\\/ual.edu.al\\\/sq\\\/politika-e-privatesise\\\/\"]}]},{\"@type\":\"BreadcrumbList\",\"@id\":\"https:\\\/\\\/ual.edu.al\\\/sq\\\/politika-e-privatesise\\\/#breadcrumb\",\"itemListElement\":[{\"@type\":\"ListItem\",\"position\":1,\"name\":\"Kreu\",\"item\":\"https:\\\/\\\/ual.edu.al\\\/sq\\\/\"},{\"@type\":\"ListItem\",\"position\":2,\"name\":\"Politika e Privat\u00ebsis\u00eb\"}]},{\"@type\":\"WebSite\",\"@id\":\"https:\\\/\\\/ual.edu.al\\\/sq\\\/#website\",\"url\":\"https:\\\/\\\/ual.edu.al\\\/sq\\\/\",\"name\":\"Aldent University\",\"description\":\"Trust the Professionals\",\"publisher\":{\"@id\":\"https:\\\/\\\/ual.edu.al\\\/sq\\\/#organization\"},\"potentialAction\":[{\"@type\":\"SearchAction\",\"target\":{\"@type\":\"EntryPoint\",\"urlTemplate\":\"https:\\\/\\\/ual.edu.al\\\/sq\\\/?s={search_term_string}\"},\"query-input\":{\"@type\":\"PropertyValueSpecification\",\"valueRequired\":true,\"valueName\":\"search_term_string\"}}],\"inLanguage\":\"sq\"},{\"@type\":\"Organization\",\"@id\":\"https:\\\/\\\/ual.edu.al\\\/sq\\\/#organization\",\"name\":\"Universiteti Aldent\",\"alternateName\":\"UAL\",\"url\":\"https:\\\/\\\/ual.edu.al\\\/sq\\\/\",\"logo\":{\"@type\":\"ImageObject\",\"inLanguage\":\"sq\",\"@id\":\"https:\\\/\\\/ual.edu.al\\\/sq\\\/#\\\/schema\\\/logo\\\/image\\\/\",\"url\":\"https:\\\/\\\/ual.edu.al\\\/wp-content\\\/uploads\\\/2024\\\/09\\\/cropped-ual-icon.png\",\"contentUrl\":\"https:\\\/\\\/ual.edu.al\\\/wp-content\\\/uploads\\\/2024\\\/09\\\/cropped-ual-icon.png\",\"width\":512,\"height\":512,\"caption\":\"Universiteti Aldent\"},\"image\":{\"@id\":\"https:\\\/\\\/ual.edu.al\\\/sq\\\/#\\\/schema\\\/logo\\\/image\\\/\"},\"sameAs\":[\"https:\\\/\\\/www.facebook.com\\\/universitetialdent\",\"https:\\\/\\\/www.instagram.com\\\/universiteti.aldent\\\/\",\"https:\\\/\\\/www.linkedin.com\\\/company\\\/aldent-university\\\/\",\"https:\\\/\\\/www.youtube.com\\\/channel\\\/UCx4IIThWkgFpYEZgw5eUzNQ\"]},{\"@type\":\"Person\",\"@id\":\"https:\\\/\\\/ual.edu.al\\\/sq\\\/#\\\/schema\\\/person\\\/91249525253cdd86eca374d213c4ad3b\",\"name\":\"ual\",\"image\":{\"@type\":\"ImageObject\",\"inLanguage\":\"sq\",\"@id\":\"https:\\\/\\\/secure.gravatar.com\\\/avatar\\\/f494e37c6d6e39d06eb90ce3fcbd6810545443d2c7f8335c97876da61a19d698?s=96&d=mm&r=g\",\"url\":\"https:\\\/\\\/secure.gravatar.com\\\/avatar\\\/f494e37c6d6e39d06eb90ce3fcbd6810545443d2c7f8335c97876da61a19d698?s=96&d=mm&r=g\",\"contentUrl\":\"https:\\\/\\\/secure.gravatar.com\\\/avatar\\\/f494e37c6d6e39d06eb90ce3fcbd6810545443d2c7f8335c97876da61a19d698?s=96&d=mm&r=g\",\"caption\":\"ual\"},\"sameAs\":[\"https:\\\/\\\/iekspres.com\"],\"url\":\"https:\\\/\\\/ual.edu.al\\\/sq\\\/author\\\/ual\\\/\"}]}<\/script>\n<!-- \/ Yoast SEO Premium plugin. -->","yoast_head_json":{"title":"Politika e Privat\u00ebsis\u00eb - Aldent University","robots":{"index":"index","follow":"follow","max-snippet":"max-snippet:-1","max-image-preview":"max-image-preview:large","max-video-preview":"max-video-preview:-1"},"canonical":"https:\/\/ual.edu.al\/sq\/politika-e-privatesise\/","og_locale":"sq_AL","og_type":"article","og_title":"Politika e Privat\u00ebsis\u00eb - Aldent University","og_description":"Kush jemi ne Tekst i sugjeruar: Adresa e faqes son\u00eb t\u00eb internetit \u00ebsht\u00eb: https:\/\/ual.edu.al. Komente Tekst i sugjeruar: Kur vizitor\u00ebt l\u00ebn\u00eb komente n\u00eb faqe, ne mbledhim t\u00eb dh\u00ebnat e paraqitura...","og_url":"https:\/\/ual.edu.al\/sq\/politika-e-privatesise\/","og_site_name":"Aldent University","article_publisher":"https:\/\/www.facebook.com\/universitetialdent","article_modified_time":"2026-03-12T20:39:24+00:00","og_image":[{"width":1365,"height":768,"url":"https:\/\/ual.edu.al\/wp-content\/uploads\/2024\/08\/FRAME-ALDENT_1.80.1.jpg","type":"image\/jpeg"}],"twitter_card":"summary_large_image","twitter_misc":{"Est. reading time":"4 minuta"},"schema":{"@context":"https:\/\/schema.org","@graph":[{"@type":"Article","@id":"https:\/\/ual.edu.al\/sq\/politika-e-privatesise\/#article","isPartOf":{"@id":"https:\/\/ual.edu.al\/sq\/politika-e-privatesise\/"},"author":{"name":"ual","@id":"https:\/\/ual.edu.al\/sq\/#\/schema\/person\/91249525253cdd86eca374d213c4ad3b"},"headline":"Politika e Privat\u00ebsis\u00eb","datePublished":"2026-01-09T22:15:41+00:00","dateModified":"2026-03-12T20:39:24+00:00","mainEntityOfPage":{"@id":"https:\/\/ual.edu.al\/sq\/politika-e-privatesise\/"},"wordCount":828,"publisher":{"@id":"https:\/\/ual.edu.al\/sq\/#organization"},"inLanguage":"sq"},{"@type":"WebPage","@id":"https:\/\/ual.edu.al\/sq\/politika-e-privatesise\/","url":"https:\/\/ual.edu.al\/sq\/politika-e-privatesise\/","name":"Politika e Privat\u00ebsis\u00eb - Aldent University","isPartOf":{"@id":"https:\/\/ual.edu.al\/sq\/#website"},"datePublished":"2026-01-09T22:15:41+00:00","dateModified":"2026-03-12T20:39:24+00:00","breadcrumb":{"@id":"https:\/\/ual.edu.al\/sq\/politika-e-privatesise\/#breadcrumb"},"inLanguage":"sq","potentialAction":[{"@type":"ReadAction","target":["https:\/\/ual.edu.al\/sq\/politika-e-privatesise\/"]}]},{"@type":"BreadcrumbList","@id":"https:\/\/ual.edu.al\/sq\/politika-e-privatesise\/#breadcrumb","itemListElement":[{"@type":"ListItem","position":1,"name":"Kreu","item":"https:\/\/ual.edu.al\/sq\/"},{"@type":"ListItem","position":2,"name":"Politika e Privat\u00ebsis\u00eb"}]},{"@type":"WebSite","@id":"https:\/\/ual.edu.al\/sq\/#website","url":"https:\/\/ual.edu.al\/sq\/","name":"Aldent University","description":"Trust the Professionals","publisher":{"@id":"https:\/\/ual.edu.al\/sq\/#organization"},"potentialAction":[{"@type":"SearchAction","target":{"@type":"EntryPoint","urlTemplate":"https:\/\/ual.edu.al\/sq\/?s={search_term_string}"},"query-input":{"@type":"PropertyValueSpecification","valueRequired":true,"valueName":"search_term_string"}}],"inLanguage":"sq"},{"@type":"Organization","@id":"https:\/\/ual.edu.al\/sq\/#organization","name":"Universiteti Aldent","alternateName":"UAL","url":"https:\/\/ual.edu.al\/sq\/","logo":{"@type":"ImageObject","inLanguage":"sq","@id":"https:\/\/ual.edu.al\/sq\/#\/schema\/logo\/image\/","url":"https:\/\/ual.edu.al\/wp-content\/uploads\/2024\/09\/cropped-ual-icon.png","contentUrl":"https:\/\/ual.edu.al\/wp-content\/uploads\/2024\/09\/cropped-ual-icon.png","width":512,"height":512,"caption":"Universiteti Aldent"},"image":{"@id":"https:\/\/ual.edu.al\/sq\/#\/schema\/logo\/image\/"},"sameAs":["https:\/\/www.facebook.com\/universitetialdent","https:\/\/www.instagram.com\/universiteti.aldent\/","https:\/\/www.linkedin.com\/company\/aldent-university\/","https:\/\/www.youtube.com\/channel\/UCx4IIThWkgFpYEZgw5eUzNQ"]},{"@type":"Person","@id":"https:\/\/ual.edu.al\/sq\/#\/schema\/person\/91249525253cdd86eca374d213c4ad3b","name":"ual","image":{"@type":"ImageObject","inLanguage":"sq","@id":"https:\/\/secure.gravatar.com\/avatar\/f494e37c6d6e39d06eb90ce3fcbd6810545443d2c7f8335c97876da61a19d698?s=96&d=mm&r=g","url":"https:\/\/secure.gravatar.com\/avatar\/f494e37c6d6e39d06eb90ce3fcbd6810545443d2c7f8335c97876da61a19d698?s=96&d=mm&r=g","contentUrl":"https:\/\/secure.gravatar.com\/avatar\/f494e37c6d6e39d06eb90ce3fcbd6810545443d2c7f8335c97876da61a19d698?s=96&d=mm&r=g","caption":"ual"},"sameAs":["https:\/\/iekspres.com"],"url":"https:\/\/ual.edu.al\/sq\/author\/ual\/"}]}},"ticketed":false,"_links":{"self":[{"href":"https:\/\/ual.edu.al\/sq\/wp-json\/wp\/v2\/pages\/22149","targetHints":{"allow":["GET"]}}],"collection":[{"href":"https:\/\/ual.edu.al\/sq\/wp-json\/wp\/v2\/pages"}],"about":[{"href":"https:\/\/ual.edu.al\/sq\/wp-json\/wp\/v2\/types\/page"}],"author":[{"embeddable":true,"href":"https:\/\/ual.edu.al\/sq\/wp-json\/wp\/v2\/users\/1"}],"replies":[{"embeddable":true,"href":"https:\/\/ual.edu.al\/sq\/wp-json\/wp\/v2\/comments?post=22149"}],"version-history":[{"count":0,"href":"https:\/\/ual.edu.al\/sq\/wp-json\/wp\/v2\/pages\/22149\/revisions"}],"wp:attachment":[{"href":"https:\/\/ual.edu.al\/sq\/wp-json\/wp\/v2\/media?parent=22149"}],"curies":[{"name":"wp","href":"https:\/\/api.w.org\/{rel}","templated":true}]}}