{"id":22011,"date":"2026-02-01T00:01:16","date_gmt":"2026-01-31T23:01:16","guid":{"rendered":"https:\/\/ual.edu.al\/permbledhje-e-jetes-studentore\/"},"modified":"2026-03-12T21:26:00","modified_gmt":"2026-03-12T20:26:00","slug":"permbledhje-e-jetes-studentore","status":"publish","type":"page","link":"https:\/\/ual.edu.al\/sq\/permbledhje-e-jetes-studentore\/","title":{"rendered":"P\u00ebrmbledhje e Jet\u00ebs Studentore"},"content":{"rendered":"\t\t<div data-elementor-type=\"wp-page\" data-elementor-id=\"22011\" class=\"elementor elementor-22011 elementor-16469\" data-elementor-post-type=\"page\">\n\t\t\t\t<div class=\"elementor-element elementor-element-5112bf4 e-flex e-con-boxed rt-default-class e-con e-parent\" data-id=\"5112bf4\" data-element_type=\"container\" data-e-type=\"container\">\n\t\t\t\t\t<div class=\"e-con-inner\">\n\t\t<div class=\"elementor-element elementor-element-2e0bdee e-con-full e-flex rt-default-class e-con e-child\" data-id=\"2e0bdee\" data-element_type=\"container\" data-e-type=\"container\">\n\t\t\t\t<div class=\"elementor-element elementor-element-2a7ff2a rt-default-class elementor-widget elementor-widget-heading\" data-id=\"2a7ff2a\" data-element_type=\"widget\" data-e-type=\"widget\" data-widget_type=\"heading.default\">\n\t\t\t\t\t<h1 class=\"elementor-heading-title elementor-size-default\">Jeta n\u00eb Kampus<\/h1>\t\t\t\t<\/div>\n\t\t\t\t<div class=\"elementor-element elementor-element-f53cde6 rt-default-class elementor-widget elementor-widget-text-editor\" data-id=\"f53cde6\" data-element_type=\"widget\" data-e-type=\"widget\" data-widget_type=\"text-editor.default\">\n\t\t\t\t\t\t\t\t\t<p>Komuniteti yn\u00eb i kampusit bashkon njer\u00ebz t\u00eb talentuar dhe t\u00eb motivuar nga prejardhje t\u00eb ndryshme, duke krijuar nj\u00eb mjedis ku idet\u00eb, inovacioni dhe suksesi akademik lul\u00ebzojn\u00eb.<\/p>\t\t\t\t\t\t\t\t<\/div>\n\t\t\t\t<\/div>\n\t\t\t\t\t<\/div>\n\t\t\t\t<\/div>\n\t\t<div class=\"elementor-element elementor-element-323062f e-flex e-con-boxed rt-default-class e-con e-parent\" data-id=\"323062f\" data-element_type=\"container\" data-e-type=\"container\">\n\t\t\t\t\t<div class=\"e-con-inner\">\n\t\t<div class=\"elementor-element elementor-element-182167a e-con-full e-flex rt-default-class e-con e-child\" data-id=\"182167a\" data-element_type=\"container\" data-e-type=\"container\">\n\t\t<div class=\"elementor-element elementor-element-c7909bd e-con-full e-flex rt-default-class e-con e-child\" data-id=\"c7909bd\" data-element_type=\"container\" data-e-type=\"container\">\n\t\t<div class=\"elementor-element elementor-element-1333799 e-con-full e-flex rt-default-class e-con e-child\" data-id=\"1333799\" data-element_type=\"container\" data-e-type=\"container\">\n\t\t\t\t<div class=\"elementor-element elementor-element-61c3836 rt-default-class elementor-widget elementor-widget-rt-react-image\" data-id=\"61c3836\" data-element_type=\"widget\" data-e-type=\"widget\" data-widget_type=\"rt-react-image.default\">\n\t\t\t\t<div class=\"elementor-widget-container\">\n\t\t\t\t\t                    <div data-jarallax class=\"react-jarallax-img jarallax react-image\">\n                                    <img decoding=\"async\" class=\"jarallax-img \" src=\"https:\/\/ual.edu.al\/wp-content\/uploads\/2026\/01\/481149766_18301476136230918_1791051107399061000_n.jpg\"\/>\n                            <\/div>\n                   \n    \t\t\t\t<\/div>\n\t\t\t\t<\/div>\n\t\t\t\t<\/div>\n\t\t\t\t<\/div>\n\t\t\t\t<\/div>\n\t\t\t\t\t<\/div>\n\t\t\t\t<\/div>\n\t\t<div class=\"elementor-element elementor-element-401785d e-flex e-con-boxed rt-default-class e-con e-parent\" data-id=\"401785d\" data-element_type=\"container\" data-e-type=\"container\">\n\t\t\t\t\t<div class=\"e-con-inner\">\n\t\t\t\t<div class=\"elementor-element elementor-element-6c1f503 rt-default-class elementor-widget elementor-widget-heading\" data-id=\"6c1f503\" data-element_type=\"widget\" data-e-type=\"widget\" data-widget_type=\"heading.default\">\n\t\t\t\t\t<h2 class=\"elementor-heading-title elementor-size-default\">Jeta Studentore<\/h2>\t\t\t\t<\/div>\n\t\t<div class=\"elementor-element elementor-element-05c3845 e-con-full e-flex rt-default-class e-con e-child\" data-id=\"05c3845\" data-element_type=\"container\" data-e-type=\"container\">\n\t\t<div class=\"elementor-element elementor-element-d3adc37 e-con-full e-flex rt-default-class e-con e-child\" data-id=\"d3adc37\" data-element_type=\"container\" data-e-type=\"container\">\n\t\t<div class=\"elementor-element elementor-element-4f54b93 e-con-full e-flex rt-default-class e-con e-child\" data-id=\"4f54b93\" data-element_type=\"container\" data-e-type=\"container\">\n\t\t<div class=\"elementor-element elementor-element-555edf9 e-con-full e-flex rt-default-class e-con e-child\" data-id=\"555edf9\" data-element_type=\"container\" data-e-type=\"container\">\n\t\t\t\t<div class=\"elementor-element elementor-element-46b522b rt-default-class elementor-widget elementor-widget-image\" data-id=\"46b522b\" data-element_type=\"widget\" data-e-type=\"widget\" data-widget_type=\"image.default\">\n\t\t\t\t\t\t\t\t\t\t\t\t\t\t\t<img fetchpriority=\"high\" decoding=\"async\" width=\"400\" height=\"290\" src=\"https:\/\/ual.edu.al\/wp-content\/uploads\/2026\/02\/Frame-6K_1.52.1-400x290.jpg\" class=\"attachment-unipix-portfolio-2 size-unipix-portfolio-2 wp-image-21229\" alt=\"\" srcset=\"https:\/\/ual.edu.al\/wp-content\/uploads\/2026\/02\/Frame-6K_1.52.1-400x290.jpg 400w, https:\/\/ual.edu.al\/wp-content\/uploads\/2026\/02\/Frame-6K_1.52.1-360x260.jpg 360w\" sizes=\"(max-width: 400px) 100vw, 400px\" \/>\t\t\t\t\t\t\t\t\t\t\t\t\t\t\t<\/div>\n\t\t\t\t<div class=\"elementor-element elementor-element-cada81b rt-default-class elementor-widget elementor-widget-heading\" data-id=\"cada81b\" data-element_type=\"widget\" data-e-type=\"widget\" data-widget_type=\"heading.default\">\n\t\t\t\t\t<h5 class=\"elementor-heading-title elementor-size-default\">Sh\u00ebrbimet p\u00ebr Student\u00ebt<\/h5>\t\t\t\t<\/div>\n\t\t\t\t<div class=\"elementor-element elementor-element-e17f4ad rt-default-class elementor-widget elementor-widget-text-editor\" data-id=\"e17f4ad\" data-element_type=\"widget\" data-e-type=\"widget\" data-widget_type=\"text-editor.default\">\n\t\t\t\t\t\t\t\t\t<p>Zyra e Karrier\u00ebs, Biblioteka Moderne, Laboratori i Kompjuterave<\/p>\t\t\t\t\t\t\t\t<\/div>\n\t\t\t\t<\/div>\n\t\t<div class=\"elementor-element elementor-element-cd244dc e-con-full e-flex rt-default-class e-con e-child\" data-id=\"cd244dc\" data-element_type=\"container\" data-e-type=\"container\">\n\t\t\t\t<div class=\"elementor-element elementor-element-05c3a65 rt-default-class elementor-widget elementor-widget-image\" data-id=\"05c3a65\" data-element_type=\"widget\" data-e-type=\"widget\" data-widget_type=\"image.default\">\n\t\t\t\t\t\t\t\t\t\t\t\t\t\t\t<img decoding=\"async\" width=\"400\" height=\"290\" src=\"https:\/\/ual.edu.al\/wp-content\/uploads\/2026\/02\/Frame-6K_1.58.1-400x290.jpg\" class=\"attachment-unipix-portfolio-2 size-unipix-portfolio-2 wp-image-21322\" alt=\"\" srcset=\"https:\/\/ual.edu.al\/wp-content\/uploads\/2026\/02\/Frame-6K_1.58.1-400x290.jpg 400w, https:\/\/ual.edu.al\/wp-content\/uploads\/2026\/02\/Frame-6K_1.58.1-360x260.jpg 360w\" sizes=\"(max-width: 400px) 100vw, 400px\" \/>\t\t\t\t\t\t\t\t\t\t\t\t\t\t\t<\/div>\n\t\t\t\t<div class=\"elementor-element elementor-element-c1ada41 rt-default-class elementor-widget elementor-widget-heading\" data-id=\"c1ada41\" data-element_type=\"widget\" data-e-type=\"widget\" data-widget_type=\"heading.default\">\n\t\t\t\t\t<h5 class=\"elementor-heading-title elementor-size-default\">Bar dhe Kafe<\/h5>\t\t\t\t<\/div>\n\t\t\t\t<div class=\"elementor-element elementor-element-2b9799d rt-default-class elementor-widget elementor-widget-text-editor\" data-id=\"2b9799d\" data-element_type=\"widget\" data-e-type=\"widget\" data-widget_type=\"text-editor.default\">\n\t\t\t\t\t\t\t\t\t<p>Kafe moderne me mund\u00ebsi t\u00eb ndryshme ushqimi dhe pijeje<\/p>\t\t\t\t\t\t\t\t<\/div>\n\t\t\t\t<\/div>\n\t\t<div class=\"elementor-element elementor-element-7ddddf2 e-con-full e-flex rt-default-class e-con e-child\" data-id=\"7ddddf2\" data-element_type=\"container\" data-e-type=\"container\">\n\t\t\t\t<div class=\"elementor-element elementor-element-38138ad rt-default-class elementor-widget elementor-widget-image\" data-id=\"38138ad\" data-element_type=\"widget\" data-e-type=\"widget\" data-widget_type=\"image.default\">\n\t\t\t\t\t\t\t\t\t\t\t\t\t\t\t<img decoding=\"async\" width=\"400\" height=\"290\" src=\"https:\/\/ual.edu.al\/wp-content\/uploads\/2024\/08\/01-400x290.jpg\" class=\"attachment-unipix-portfolio-2 size-unipix-portfolio-2 wp-image-22013\" alt=\"\" srcset=\"https:\/\/ual.edu.al\/wp-content\/uploads\/2024\/08\/01-400x290.jpg 400w, https:\/\/ual.edu.al\/wp-content\/uploads\/2024\/08\/01-360x260.jpg 360w\" sizes=\"(max-width: 400px) 100vw, 400px\" \/>\t\t\t\t\t\t\t\t\t\t\t\t\t\t\t<\/div>\n\t\t\t\t<div class=\"elementor-element elementor-element-5c86b03 rt-default-class elementor-widget elementor-widget-heading\" data-id=\"5c86b03\" data-element_type=\"widget\" data-e-type=\"widget\" data-widget_type=\"heading.default\">\n\t\t\t\t\t<h5 class=\"elementor-heading-title elementor-size-default\">Udh\u00ebtim dhe sport<\/h5>\t\t\t\t<\/div>\n\t\t\t\t<div class=\"elementor-element elementor-element-5312a21 rt-default-class elementor-widget elementor-widget-text-editor\" data-id=\"5312a21\" data-element_type=\"widget\" data-e-type=\"widget\" data-widget_type=\"text-editor.default\">\n\t\t\t\t\t\t\t\t\t<p>Fush\u00eb volejbolli dhe basketbolli, Palest\u00ebr Moderne<\/p>\t\t\t\t\t\t\t\t<\/div>\n\t\t\t\t<\/div>\n\t\t\t\t<\/div>\n\t\t\t\t<\/div>\n\t\t\t\t<\/div>\n\t\t\t\t\t<\/div>\n\t\t\t\t<\/div>\n\t\t<div class=\"elementor-element elementor-element-4c2a343 e-flex e-con-boxed rt-default-class e-con e-parent\" data-id=\"4c2a343\" data-element_type=\"container\" data-e-type=\"container\">\n\t\t\t\t\t<div class=\"e-con-inner\">\n\t\t\t\t<div class=\"elementor-element elementor-element-a447224 rt-default-class elementor-widget elementor-widget-rt-portfolio-grid\" data-id=\"a447224\" data-element_type=\"widget\" data-e-type=\"widget\" data-widget_type=\"rt-portfolio-grid.default\">\n\t\t\t\t<div class=\"elementor-widget-container\">\n\t\t\t\t\t\t<div class=\"grid-portfolio row rt-portfolio-style1\">\r\n\t\t<\/div>\r\n\r\n\t\t\t\t\t<\/div>\n\t\t\t\t<\/div>\n\t\t\t\t\t<\/div>\n\t\t\t\t<\/div>\n\t\t\t\t<\/div>\n\t\t","protected":false},"excerpt":{"rendered":"<p>Jeta n\u00eb Kampus Komuniteti yn\u00eb i kampusit bashkon njer\u00ebz t\u00eb talentuar dhe t\u00eb motivuar nga prejardhje t\u00eb ndryshme, duke krijuar nj\u00eb mjedis ku idet\u00eb, inovacioni dhe suksesi akademik lul\u00ebzojn\u00eb. Jeta&#8230;<\/p>\n","protected":false},"author":1,"featured_media":0,"parent":0,"menu_order":0,"comment_status":"closed","ping_status":"closed","template":"elementor_header_footer","meta":{"_acf_changed":false,"_price":"","_stock":"","_tribe_ticket_header":"","_tribe_default_ticket_provider":"","_tribe_ticket_capacity":"0","_ticket_start_date":"","_ticket_end_date":"","_tribe_ticket_show_description":"","_tribe_ticket_show_not_going":false,"_tribe_ticket_use_global_stock":"","_tribe_ticket_global_stock_level":"","_global_stock_mode":"","_global_stock_cap":"","_tribe_rsvp_for_event":"","_tribe_ticket_going_count":"","_tribe_ticket_not_going_count":"","_tribe_tickets_list":"[]","_tribe_ticket_has_attendee_info_fields":false,"footnotes":"","_tec_slr_enabled":"","_tec_slr_layout":""},"class_list":["post-22011","page","type-page","status-publish","hentry"],"acf":[],"yoast_head":"<!-- This site is optimized with the Yoast SEO Premium plugin v27.0 (Yoast SEO v27.3) - https:\/\/yoast.com\/product\/yoast-seo-premium-wordpress\/ -->\n<title>P\u00ebrmbledhje e Jet\u00ebs Studentore - Aldent University<\/title>\n<meta name=\"robots\" content=\"index, follow, max-snippet:-1, max-image-preview:large, max-video-preview:-1\" \/>\n<link rel=\"canonical\" href=\"https:\/\/ual.edu.al\/sq\/permbledhje-e-jetes-studentore\/\" \/>\n<meta property=\"og:locale\" content=\"sq_AL\" \/>\n<meta property=\"og:type\" content=\"article\" \/>\n<meta property=\"og:title\" content=\"P\u00ebrmbledhje e Jet\u00ebs Studentore - Aldent University\" \/>\n<meta property=\"og:description\" content=\"Jeta n\u00eb Kampus Komuniteti yn\u00eb i kampusit bashkon njer\u00ebz t\u00eb talentuar dhe t\u00eb motivuar nga prejardhje t\u00eb ndryshme, duke krijuar nj\u00eb mjedis ku idet\u00eb, inovacioni dhe suksesi akademik lul\u00ebzojn\u00eb. Jeta...\" \/>\n<meta property=\"og:url\" content=\"https:\/\/ual.edu.al\/sq\/permbledhje-e-jetes-studentore\/\" \/>\n<meta property=\"og:site_name\" content=\"Aldent University\" \/>\n<meta property=\"article:publisher\" content=\"https:\/\/www.facebook.com\/universitetialdent\" \/>\n<meta property=\"article:modified_time\" content=\"2026-03-12T20:26:00+00:00\" \/>\n<meta property=\"og:image\" content=\"https:\/\/ual.edu.al\/wp-content\/uploads\/2026\/01\/481149766_18301476136230918_1791051107399061000_n.jpg\" \/>\n<meta name=\"twitter:card\" content=\"summary_large_image\" \/>\n<script type=\"application\/ld+json\" class=\"yoast-schema-graph\">{\"@context\":\"https:\\\/\\\/schema.org\",\"@graph\":[{\"@type\":\"Article\",\"@id\":\"https:\\\/\\\/ual.edu.al\\\/sq\\\/permbledhje-e-jetes-studentore\\\/#article\",\"isPartOf\":{\"@id\":\"https:\\\/\\\/ual.edu.al\\\/sq\\\/permbledhje-e-jetes-studentore\\\/\"},\"author\":{\"name\":\"ual\",\"@id\":\"https:\\\/\\\/ual.edu.al\\\/sq\\\/#\\\/schema\\\/person\\\/91249525253cdd86eca374d213c4ad3b\"},\"headline\":\"P\u00ebrmbledhje e Jet\u00ebs Studentore\",\"datePublished\":\"2026-01-31T23:01:16+00:00\",\"dateModified\":\"2026-03-12T20:26:00+00:00\",\"mainEntityOfPage\":{\"@id\":\"https:\\\/\\\/ual.edu.al\\\/sq\\\/permbledhje-e-jetes-studentore\\\/\"},\"wordCount\":78,\"publisher\":{\"@id\":\"https:\\\/\\\/ual.edu.al\\\/sq\\\/#organization\"},\"image\":{\"@id\":\"https:\\\/\\\/ual.edu.al\\\/sq\\\/permbledhje-e-jetes-studentore\\\/#primaryimage\"},\"thumbnailUrl\":\"https:\\\/\\\/ual.edu.al\\\/wp-content\\\/uploads\\\/2026\\\/01\\\/481149766_18301476136230918_1791051107399061000_n.jpg\",\"inLanguage\":\"sq\"},{\"@type\":\"WebPage\",\"@id\":\"https:\\\/\\\/ual.edu.al\\\/sq\\\/permbledhje-e-jetes-studentore\\\/\",\"url\":\"https:\\\/\\\/ual.edu.al\\\/sq\\\/permbledhje-e-jetes-studentore\\\/\",\"name\":\"P\u00ebrmbledhje e Jet\u00ebs Studentore - Aldent University\",\"isPartOf\":{\"@id\":\"https:\\\/\\\/ual.edu.al\\\/sq\\\/#website\"},\"primaryImageOfPage\":{\"@id\":\"https:\\\/\\\/ual.edu.al\\\/sq\\\/permbledhje-e-jetes-studentore\\\/#primaryimage\"},\"image\":{\"@id\":\"https:\\\/\\\/ual.edu.al\\\/sq\\\/permbledhje-e-jetes-studentore\\\/#primaryimage\"},\"thumbnailUrl\":\"https:\\\/\\\/ual.edu.al\\\/wp-content\\\/uploads\\\/2026\\\/01\\\/481149766_18301476136230918_1791051107399061000_n.jpg\",\"datePublished\":\"2026-01-31T23:01:16+00:00\",\"dateModified\":\"2026-03-12T20:26:00+00:00\",\"breadcrumb\":{\"@id\":\"https:\\\/\\\/ual.edu.al\\\/sq\\\/permbledhje-e-jetes-studentore\\\/#breadcrumb\"},\"inLanguage\":\"sq\",\"potentialAction\":[{\"@type\":\"ReadAction\",\"target\":[\"https:\\\/\\\/ual.edu.al\\\/sq\\\/permbledhje-e-jetes-studentore\\\/\"]}]},{\"@type\":\"ImageObject\",\"inLanguage\":\"sq\",\"@id\":\"https:\\\/\\\/ual.edu.al\\\/sq\\\/permbledhje-e-jetes-studentore\\\/#primaryimage\",\"url\":\"https:\\\/\\\/ual.edu.al\\\/wp-content\\\/uploads\\\/2026\\\/01\\\/481149766_18301476136230918_1791051107399061000_n.jpg\",\"contentUrl\":\"https:\\\/\\\/ual.edu.al\\\/wp-content\\\/uploads\\\/2026\\\/01\\\/481149766_18301476136230918_1791051107399061000_n.jpg\"},{\"@type\":\"BreadcrumbList\",\"@id\":\"https:\\\/\\\/ual.edu.al\\\/sq\\\/permbledhje-e-jetes-studentore\\\/#breadcrumb\",\"itemListElement\":[{\"@type\":\"ListItem\",\"position\":1,\"name\":\"Kreu\",\"item\":\"https:\\\/\\\/ual.edu.al\\\/sq\\\/\"},{\"@type\":\"ListItem\",\"position\":2,\"name\":\"P\u00ebrmbledhje e Jet\u00ebs Studentore\"}]},{\"@type\":\"WebSite\",\"@id\":\"https:\\\/\\\/ual.edu.al\\\/sq\\\/#website\",\"url\":\"https:\\\/\\\/ual.edu.al\\\/sq\\\/\",\"name\":\"Aldent University\",\"description\":\"Trust the Professionals\",\"publisher\":{\"@id\":\"https:\\\/\\\/ual.edu.al\\\/sq\\\/#organization\"},\"potentialAction\":[{\"@type\":\"SearchAction\",\"target\":{\"@type\":\"EntryPoint\",\"urlTemplate\":\"https:\\\/\\\/ual.edu.al\\\/sq\\\/?s={search_term_string}\"},\"query-input\":{\"@type\":\"PropertyValueSpecification\",\"valueRequired\":true,\"valueName\":\"search_term_string\"}}],\"inLanguage\":\"sq\"},{\"@type\":\"Organization\",\"@id\":\"https:\\\/\\\/ual.edu.al\\\/sq\\\/#organization\",\"name\":\"Universiteti Aldent\",\"alternateName\":\"UAL\",\"url\":\"https:\\\/\\\/ual.edu.al\\\/sq\\\/\",\"logo\":{\"@type\":\"ImageObject\",\"inLanguage\":\"sq\",\"@id\":\"https:\\\/\\\/ual.edu.al\\\/sq\\\/#\\\/schema\\\/logo\\\/image\\\/\",\"url\":\"https:\\\/\\\/ual.edu.al\\\/wp-content\\\/uploads\\\/2024\\\/09\\\/cropped-ual-icon.png\",\"contentUrl\":\"https:\\\/\\\/ual.edu.al\\\/wp-content\\\/uploads\\\/2024\\\/09\\\/cropped-ual-icon.png\",\"width\":512,\"height\":512,\"caption\":\"Universiteti Aldent\"},\"image\":{\"@id\":\"https:\\\/\\\/ual.edu.al\\\/sq\\\/#\\\/schema\\\/logo\\\/image\\\/\"},\"sameAs\":[\"https:\\\/\\\/www.facebook.com\\\/universitetialdent\",\"https:\\\/\\\/www.instagram.com\\\/universiteti.aldent\\\/\",\"https:\\\/\\\/www.linkedin.com\\\/company\\\/aldent-university\\\/\",\"https:\\\/\\\/www.youtube.com\\\/channel\\\/UCx4IIThWkgFpYEZgw5eUzNQ\"]},{\"@type\":\"Person\",\"@id\":\"https:\\\/\\\/ual.edu.al\\\/sq\\\/#\\\/schema\\\/person\\\/91249525253cdd86eca374d213c4ad3b\",\"name\":\"ual\",\"image\":{\"@type\":\"ImageObject\",\"inLanguage\":\"sq\",\"@id\":\"https:\\\/\\\/secure.gravatar.com\\\/avatar\\\/f494e37c6d6e39d06eb90ce3fcbd6810545443d2c7f8335c97876da61a19d698?s=96&d=mm&r=g\",\"url\":\"https:\\\/\\\/secure.gravatar.com\\\/avatar\\\/f494e37c6d6e39d06eb90ce3fcbd6810545443d2c7f8335c97876da61a19d698?s=96&d=mm&r=g\",\"contentUrl\":\"https:\\\/\\\/secure.gravatar.com\\\/avatar\\\/f494e37c6d6e39d06eb90ce3fcbd6810545443d2c7f8335c97876da61a19d698?s=96&d=mm&r=g\",\"caption\":\"ual\"},\"sameAs\":[\"https:\\\/\\\/iekspres.com\"],\"url\":\"https:\\\/\\\/ual.edu.al\\\/sq\\\/author\\\/ual\\\/\"}]}<\/script>\n<!-- \/ Yoast SEO Premium plugin. -->","yoast_head_json":{"title":"P\u00ebrmbledhje e Jet\u00ebs Studentore - Aldent University","robots":{"index":"index","follow":"follow","max-snippet":"max-snippet:-1","max-image-preview":"max-image-preview:large","max-video-preview":"max-video-preview:-1"},"canonical":"https:\/\/ual.edu.al\/sq\/permbledhje-e-jetes-studentore\/","og_locale":"sq_AL","og_type":"article","og_title":"P\u00ebrmbledhje e Jet\u00ebs Studentore - Aldent University","og_description":"Jeta n\u00eb Kampus Komuniteti yn\u00eb i kampusit bashkon njer\u00ebz t\u00eb talentuar dhe t\u00eb motivuar nga prejardhje t\u00eb ndryshme, duke krijuar nj\u00eb mjedis ku idet\u00eb, inovacioni dhe suksesi akademik lul\u00ebzojn\u00eb. Jeta...","og_url":"https:\/\/ual.edu.al\/sq\/permbledhje-e-jetes-studentore\/","og_site_name":"Aldent University","article_publisher":"https:\/\/www.facebook.com\/universitetialdent","article_modified_time":"2026-03-12T20:26:00+00:00","og_image":[{"url":"https:\/\/ual.edu.al\/wp-content\/uploads\/2026\/01\/481149766_18301476136230918_1791051107399061000_n.jpg","type":"","width":"","height":""}],"twitter_card":"summary_large_image","schema":{"@context":"https:\/\/schema.org","@graph":[{"@type":"Article","@id":"https:\/\/ual.edu.al\/sq\/permbledhje-e-jetes-studentore\/#article","isPartOf":{"@id":"https:\/\/ual.edu.al\/sq\/permbledhje-e-jetes-studentore\/"},"author":{"name":"ual","@id":"https:\/\/ual.edu.al\/sq\/#\/schema\/person\/91249525253cdd86eca374d213c4ad3b"},"headline":"P\u00ebrmbledhje e Jet\u00ebs Studentore","datePublished":"2026-01-31T23:01:16+00:00","dateModified":"2026-03-12T20:26:00+00:00","mainEntityOfPage":{"@id":"https:\/\/ual.edu.al\/sq\/permbledhje-e-jetes-studentore\/"},"wordCount":78,"publisher":{"@id":"https:\/\/ual.edu.al\/sq\/#organization"},"image":{"@id":"https:\/\/ual.edu.al\/sq\/permbledhje-e-jetes-studentore\/#primaryimage"},"thumbnailUrl":"https:\/\/ual.edu.al\/wp-content\/uploads\/2026\/01\/481149766_18301476136230918_1791051107399061000_n.jpg","inLanguage":"sq"},{"@type":"WebPage","@id":"https:\/\/ual.edu.al\/sq\/permbledhje-e-jetes-studentore\/","url":"https:\/\/ual.edu.al\/sq\/permbledhje-e-jetes-studentore\/","name":"P\u00ebrmbledhje e Jet\u00ebs Studentore - Aldent University","isPartOf":{"@id":"https:\/\/ual.edu.al\/sq\/#website"},"primaryImageOfPage":{"@id":"https:\/\/ual.edu.al\/sq\/permbledhje-e-jetes-studentore\/#primaryimage"},"image":{"@id":"https:\/\/ual.edu.al\/sq\/permbledhje-e-jetes-studentore\/#primaryimage"},"thumbnailUrl":"https:\/\/ual.edu.al\/wp-content\/uploads\/2026\/01\/481149766_18301476136230918_1791051107399061000_n.jpg","datePublished":"2026-01-31T23:01:16+00:00","dateModified":"2026-03-12T20:26:00+00:00","breadcrumb":{"@id":"https:\/\/ual.edu.al\/sq\/permbledhje-e-jetes-studentore\/#breadcrumb"},"inLanguage":"sq","potentialAction":[{"@type":"ReadAction","target":["https:\/\/ual.edu.al\/sq\/permbledhje-e-jetes-studentore\/"]}]},{"@type":"ImageObject","inLanguage":"sq","@id":"https:\/\/ual.edu.al\/sq\/permbledhje-e-jetes-studentore\/#primaryimage","url":"https:\/\/ual.edu.al\/wp-content\/uploads\/2026\/01\/481149766_18301476136230918_1791051107399061000_n.jpg","contentUrl":"https:\/\/ual.edu.al\/wp-content\/uploads\/2026\/01\/481149766_18301476136230918_1791051107399061000_n.jpg"},{"@type":"BreadcrumbList","@id":"https:\/\/ual.edu.al\/sq\/permbledhje-e-jetes-studentore\/#breadcrumb","itemListElement":[{"@type":"ListItem","position":1,"name":"Kreu","item":"https:\/\/ual.edu.al\/sq\/"},{"@type":"ListItem","position":2,"name":"P\u00ebrmbledhje e Jet\u00ebs Studentore"}]},{"@type":"WebSite","@id":"https:\/\/ual.edu.al\/sq\/#website","url":"https:\/\/ual.edu.al\/sq\/","name":"Aldent University","description":"Trust the Professionals","publisher":{"@id":"https:\/\/ual.edu.al\/sq\/#organization"},"potentialAction":[{"@type":"SearchAction","target":{"@type":"EntryPoint","urlTemplate":"https:\/\/ual.edu.al\/sq\/?s={search_term_string}"},"query-input":{"@type":"PropertyValueSpecification","valueRequired":true,"valueName":"search_term_string"}}],"inLanguage":"sq"},{"@type":"Organization","@id":"https:\/\/ual.edu.al\/sq\/#organization","name":"Universiteti Aldent","alternateName":"UAL","url":"https:\/\/ual.edu.al\/sq\/","logo":{"@type":"ImageObject","inLanguage":"sq","@id":"https:\/\/ual.edu.al\/sq\/#\/schema\/logo\/image\/","url":"https:\/\/ual.edu.al\/wp-content\/uploads\/2024\/09\/cropped-ual-icon.png","contentUrl":"https:\/\/ual.edu.al\/wp-content\/uploads\/2024\/09\/cropped-ual-icon.png","width":512,"height":512,"caption":"Universiteti Aldent"},"image":{"@id":"https:\/\/ual.edu.al\/sq\/#\/schema\/logo\/image\/"},"sameAs":["https:\/\/www.facebook.com\/universitetialdent","https:\/\/www.instagram.com\/universiteti.aldent\/","https:\/\/www.linkedin.com\/company\/aldent-university\/","https:\/\/www.youtube.com\/channel\/UCx4IIThWkgFpYEZgw5eUzNQ"]},{"@type":"Person","@id":"https:\/\/ual.edu.al\/sq\/#\/schema\/person\/91249525253cdd86eca374d213c4ad3b","name":"ual","image":{"@type":"ImageObject","inLanguage":"sq","@id":"https:\/\/secure.gravatar.com\/avatar\/f494e37c6d6e39d06eb90ce3fcbd6810545443d2c7f8335c97876da61a19d698?s=96&d=mm&r=g","url":"https:\/\/secure.gravatar.com\/avatar\/f494e37c6d6e39d06eb90ce3fcbd6810545443d2c7f8335c97876da61a19d698?s=96&d=mm&r=g","contentUrl":"https:\/\/secure.gravatar.com\/avatar\/f494e37c6d6e39d06eb90ce3fcbd6810545443d2c7f8335c97876da61a19d698?s=96&d=mm&r=g","caption":"ual"},"sameAs":["https:\/\/iekspres.com"],"url":"https:\/\/ual.edu.al\/sq\/author\/ual\/"}]}},"ticketed":false,"_links":{"self":[{"href":"https:\/\/ual.edu.al\/sq\/wp-json\/wp\/v2\/pages\/22011","targetHints":{"allow":["GET"]}}],"collection":[{"href":"https:\/\/ual.edu.al\/sq\/wp-json\/wp\/v2\/pages"}],"about":[{"href":"https:\/\/ual.edu.al\/sq\/wp-json\/wp\/v2\/types\/page"}],"author":[{"embeddable":true,"href":"https:\/\/ual.edu.al\/sq\/wp-json\/wp\/v2\/users\/1"}],"replies":[{"embeddable":true,"href":"https:\/\/ual.edu.al\/sq\/wp-json\/wp\/v2\/comments?post=22011"}],"version-history":[{"count":0,"href":"https:\/\/ual.edu.al\/sq\/wp-json\/wp\/v2\/pages\/22011\/revisions"}],"wp:attachment":[{"href":"https:\/\/ual.edu.al\/sq\/wp-json\/wp\/v2\/media?parent=22011"}],"curies":[{"name":"wp","href":"https:\/\/api.w.org\/{rel}","templated":true}]}}