{"id":21917,"date":"2026-01-17T23:26:57","date_gmt":"2026-01-17T22:26:57","guid":{"rendered":"https:\/\/ual.edu.al\/dokumentet-zyrtare-te-qa-se\/"},"modified":"2026-03-12T21:25:12","modified_gmt":"2026-03-12T20:25:12","slug":"dokumentet-zyrtare-te-qa-se","status":"publish","type":"page","link":"https:\/\/ual.edu.al\/sq\/dokumentet-zyrtare-te-qa-se\/","title":{"rendered":"Dokumentet Zyrtare t\u00eb QA-s\u00eb"},"content":{"rendered":"\t\t<div data-elementor-type=\"wp-page\" data-elementor-id=\"21917\" class=\"elementor elementor-21917 elementor-15262\" data-elementor-post-type=\"page\">\n\t\t\t\t<div class=\"elementor-element elementor-element-3ca3b31a e-flex e-con-boxed rt-default-class e-con e-parent\" data-id=\"3ca3b31a\" data-element_type=\"container\" data-e-type=\"container\">\n\t\t\t\t\t<div class=\"e-con-inner\">\n\t\t<div class=\"elementor-element elementor-element-642655a8 e-con-full e-flex rt-default-class e-con e-child\" data-id=\"642655a8\" data-element_type=\"container\" data-e-type=\"container\">\n\t\t\t\t<div class=\"elementor-element elementor-element-64ccd419 rt-default-class elementor-widget elementor-widget-text-editor\" data-id=\"64ccd419\" data-element_type=\"widget\" data-e-type=\"widget\" data-widget_type=\"text-editor.default\">\n\t\t\t\t\t\t\t\t\t<p>Lorem ipsum dolor sit amet, consectetur adipiscing elit. Ut elit tellus, luctus nec ullamcorper mattis, pulvinar dapibus leo. <\/p>\t\t\t\t\t\t\t\t<\/div>\n\t\t\t\t<\/div>\n\t\t<div class=\"elementor-element elementor-element-748d8c00 e-con-full e-flex rt-default-class e-con e-child\" data-id=\"748d8c00\" data-element_type=\"container\" data-e-type=\"container\">\n\t\t\t\t<div class=\"elementor-element elementor-element-4fe6f70 rt-default-class elementor-widget elementor-widget-shortcode\" data-id=\"4fe6f70\" data-element_type=\"widget\" data-e-type=\"widget\" data-widget_type=\"shortcode.default\">\n\t\t\t\t\t\t\t<div class=\"elementor-shortcode\">\t\t<div data-elementor-type=\"wp-post\" data-elementor-id=\"17057\" class=\"elementor elementor-17057\" data-elementor-post-type=\"rtelements_pro\">\n\t\t\t\t<div class=\"elementor-element elementor-element-bf8ccd6 e-flex e-con-boxed rt-default-class e-con e-parent\" data-id=\"bf8ccd6\" data-element_type=\"container\" data-e-type=\"container\" id=\"rightSidebar\">\n\t\t\t\t\t<div class=\"e-con-inner\">\n\t\t\t\t<div class=\"elementor-element elementor-element-ef73217 rt-default-class elementor-widget elementor-widget-heading\" data-id=\"ef73217\" data-element_type=\"widget\" data-e-type=\"widget\" data-widget_type=\"heading.default\">\n\t\t\t\t\t<h3 class=\"elementor-heading-title elementor-size-default\">Latest News<\/h3>\t\t\t\t<\/div>\n\t\t\t\t<div class=\"elementor-element elementor-element-7c1f529 rt-default-class elementor-widget elementor-widget-react-blog\" data-id=\"7c1f529\" data-element_type=\"widget\" data-e-type=\"widget\" data-widget_type=\"react-blog.default\">\n\t\t\t\t<div class=\"elementor-widget-container\">\n\t\t\t\t\t\t\t<div class=\"reactheme-blog-grid2x reactheme-blog-grid blog--style4\"> \r\n            <div class=\"row blog-gird-item\">\r\n\t\t\t \t<div class=\"grid-item rts-blog-post col-lg-12 col-md-12 col-sm-12 col-12\">\r\n    <div class=\"single-blog blog-item\">\r\n        <div class=\"blog single-blog__content\">\r\n                            <div class=\"blog__thumb\">\r\n                    <a href=\"https:\/\/ual.edu.al\/sq\/blogu\/ual-lancon-faqen-e-saj-te-re-te-internetit\/\">\r\n                        <img decoding=\"async\" width=\"300\" height=\"139\" src=\"https:\/\/ual.edu.al\/wp-content\/uploads\/2026\/04\/Screenshot-2026-04-05-155308-300x139.png\" class=\"attachment-medium size-medium wp-post-image\" alt=\"\" srcset=\"https:\/\/ual.edu.al\/wp-content\/uploads\/2026\/04\/Screenshot-2026-04-05-155308-300x139.png 300w, https:\/\/ual.edu.al\/wp-content\/uploads\/2026\/04\/Screenshot-2026-04-05-155308-1024x475.png 1024w, https:\/\/ual.edu.al\/wp-content\/uploads\/2026\/04\/Screenshot-2026-04-05-155308-768x357.png 768w, https:\/\/ual.edu.al\/wp-content\/uploads\/2026\/04\/Screenshot-2026-04-05-155308-1536x713.png 1536w, https:\/\/ual.edu.al\/wp-content\/uploads\/2026\/04\/Screenshot-2026-04-05-155308.png 1863w\" sizes=\"(max-width: 300px) 100vw, 300px\" \/>                    <\/a>\r\n                <\/div>\r\n                        <div class=\"blog__meta\">\r\n                <div class=\"blog__meta--da\">\r\n                                            <div class=\"rt-date\">\r\n                            <span><i class=\"rt-calendar-days\"><\/i><\/span>\r\n                            <span>5 Prill 2026<\/span>\r\n                        <\/div>\r\n                                        <\/div>\r\n                <h5 class=\"blog__title\">\r\n                    <a href=\"https:\/\/ual.edu.al\/sq\/blogu\/ual-lancon-faqen-e-saj-te-re-te-internetit\/\" class=\"post-title\">\r\n                        UAL lan\u00e7on faqen e saj t\u00eb re t\u00eb internetit                    <\/a>\r\n                <\/h5>\r\n                                    <a href=\"https:\/\/ual.edu.al\/sq\/blogu\/ual-lancon-faqen-e-saj-te-re-te-internetit\/\" class=\"react_button\">\r\n                        Read More                                                    <span><i class=\"rt rt-arrow-right-regular\"><\/i><\/span>\r\n                                            <\/a>\r\n                \r\n            <\/div>\r\n        <\/div>\r\n    <\/div>\r\n<\/div>\r\n\r\n\r\n\r\n<div class=\"grid-item rts-blog-post col-lg-12 col-md-12 col-sm-12 col-12\">\r\n    <div class=\"single-blog blog-item\">\r\n        <div class=\"blog single-blog__content\">\r\n                        <div class=\"blog__meta\">\r\n                <div class=\"blog__meta--da\">\r\n                                            <div class=\"rt-date\">\r\n                            <span><i class=\"rt-calendar-days\"><\/i><\/span>\r\n                            <span>19 Mars 2026<\/span>\r\n                        <\/div>\r\n                                        <\/div>\r\n                <h5 class=\"blog__title\">\r\n                    <a href=\"https:\/\/ual.edu.al\/sq\/uncategorized-sq\/anketa-e-studenteve-te-ual-it\/\" class=\"post-title\">\r\n                        Anketa e Student\u00ebve t\u00eb UAL-it                    <\/a>\r\n                <\/h5>\r\n                                    <a href=\"https:\/\/ual.edu.al\/sq\/uncategorized-sq\/anketa-e-studenteve-te-ual-it\/\" class=\"react_button\">\r\n                        Read More                                                    <span><i class=\"rt rt-arrow-right-regular\"><\/i><\/span>\r\n                                            <\/a>\r\n                \r\n            <\/div>\r\n        <\/div>\r\n    <\/div>\r\n<\/div>\r\n\r\n\r\n\r\n             \r\n                         \r\n                <\/div>                                 \r\n            \t    \r\n                              \r\n\t\t<\/div>\r\n\t   \t\t\t\t<\/div>\n\t\t\t\t<\/div>\n\t\t\t\t<div class=\"elementor-element elementor-element-c5660e1 rt-default-class elementor-widget elementor-widget-heading\" data-id=\"c5660e1\" data-element_type=\"widget\" data-e-type=\"widget\" data-widget_type=\"heading.default\">\n\t\t\t\t\t<h3 class=\"elementor-heading-title elementor-size-default\">Quick Links<\/h3>\t\t\t\t<\/div>\n\t\t<div class=\"elementor-element elementor-element-036f876 e-con-full e-flex rt-default-class e-con e-child\" data-id=\"036f876\" data-element_type=\"container\" data-e-type=\"container\">\n\t\t\t\t<div class=\"elementor-element elementor-element-dacec6f elementor-align-justify elementor-widget__width-inherit rt-default-class elementor-widget elementor-widget-button\" data-id=\"dacec6f\" data-element_type=\"widget\" data-e-type=\"widget\" data-widget_type=\"button.default\">\n\t\t\t\t\t\t\t\t\t\t<a class=\"elementor-button elementor-button-link elementor-size-sm\" href=\"\/accreditation\/\">\n\t\t\t\t\t\t<span class=\"elementor-button-content-wrapper\">\n\t\t\t\t\t\t<span class=\"elementor-button-icon\">\n\t\t\t\t<i aria-hidden=\"true\" class=\"rt rt-arrow-up-right\"><\/i>\t\t\t<\/span>\n\t\t\t\t\t\t\t\t\t<span class=\"elementor-button-text\">Accreditation<\/span>\n\t\t\t\t\t<\/span>\n\t\t\t\t\t<\/a>\n\t\t\t\t\t\t\t\t<\/div>\n\t\t\t\t<div class=\"elementor-element elementor-element-55d6088 elementor-align-justify elementor-widget__width-inherit rt-default-class elementor-widget elementor-widget-button\" data-id=\"55d6088\" data-element_type=\"widget\" data-e-type=\"widget\" data-widget_type=\"button.default\">\n\t\t\t\t\t\t\t\t\t\t<a class=\"elementor-button elementor-button-link elementor-size-sm\" href=\"\/student-application-form\/\">\n\t\t\t\t\t\t<span class=\"elementor-button-content-wrapper\">\n\t\t\t\t\t\t<span class=\"elementor-button-icon\">\n\t\t\t\t<i aria-hidden=\"true\" class=\"rt rt-arrow-up-right\"><\/i>\t\t\t<\/span>\n\t\t\t\t\t\t\t\t\t<span class=\"elementor-button-text\">Application Form<\/span>\n\t\t\t\t\t<\/span>\n\t\t\t\t\t<\/a>\n\t\t\t\t\t\t\t\t<\/div>\n\t\t\t\t<div class=\"elementor-element elementor-element-3513734 elementor-align-justify elementor-widget__width-inherit rt-default-class elementor-widget elementor-widget-button\" data-id=\"3513734\" data-element_type=\"widget\" data-e-type=\"widget\" data-widget_type=\"button.default\">\n\t\t\t\t\t\t\t\t\t\t<a class=\"elementor-button elementor-button-link elementor-size-sm\" href=\"\/tuition-fee\/\" target=\"_blank\">\n\t\t\t\t\t\t<span class=\"elementor-button-content-wrapper\">\n\t\t\t\t\t\t<span class=\"elementor-button-icon\">\n\t\t\t\t<i aria-hidden=\"true\" class=\"rt rt-arrow-up-right\"><\/i>\t\t\t<\/span>\n\t\t\t\t\t\t\t\t\t<span class=\"elementor-button-text\">Tuition &amp; Fees<\/span>\n\t\t\t\t\t<\/span>\n\t\t\t\t\t<\/a>\n\t\t\t\t\t\t\t\t<\/div>\n\t\t\t\t<div class=\"elementor-element elementor-element-399735b elementor-align-justify elementor-widget__width-inherit rt-default-class elementor-widget elementor-widget-button\" data-id=\"399735b\" data-element_type=\"widget\" data-e-type=\"widget\" data-widget_type=\"button.default\">\n\t\t\t\t\t\t\t\t\t\t<a class=\"elementor-button elementor-button-link elementor-size-sm\" href=\"\/scholarships\/\" target=\"_blank\">\n\t\t\t\t\t\t<span class=\"elementor-button-content-wrapper\">\n\t\t\t\t\t\t<span class=\"elementor-button-icon\">\n\t\t\t\t<i aria-hidden=\"true\" class=\"rt rt-arrow-up-right\"><\/i>\t\t\t<\/span>\n\t\t\t\t\t\t\t\t\t<span class=\"elementor-button-text\">Scholarship<\/span>\n\t\t\t\t\t<\/span>\n\t\t\t\t\t<\/a>\n\t\t\t\t\t\t\t\t<\/div>\n\t\t\t\t<\/div>\n\t\t\t\t\t<\/div>\n\t\t\t\t<\/div>\n\t\t\t\t<\/div>\n\t\t<\/div>\n\t\t\t\t\t\t<\/div>\n\t\t\t\t<\/div>\n\t\t\t\t\t<\/div>\n\t\t\t\t<\/div>\n\t\t\t\t<\/div>\n\t\t","protected":false},"excerpt":{"rendered":"<p>Lorem ipsum dolor sit amet, consectetur adipiscing elit. Ut elit tellus, luctus nec ullamcorper mattis, pulvinar dapibus leo.<\/p>\n","protected":false},"author":2,"featured_media":20385,"parent":0,"menu_order":0,"comment_status":"closed","ping_status":"closed","template":"","meta":{"_acf_changed":false,"_price":"","_stock":"","_tribe_ticket_header":"","_tribe_default_ticket_provider":"","_tribe_ticket_capacity":"0","_ticket_start_date":"","_ticket_end_date":"","_tribe_ticket_show_description":"","_tribe_ticket_show_not_going":false,"_tribe_ticket_use_global_stock":"","_tribe_ticket_global_stock_level":"","_global_stock_mode":"","_global_stock_cap":"","_tribe_rsvp_for_event":"","_tribe_ticket_going_count":"","_tribe_ticket_not_going_count":"","_tribe_tickets_list":"[]","_tribe_ticket_has_attendee_info_fields":false,"footnotes":"","_tec_slr_enabled":"","_tec_slr_layout":""},"class_list":["post-21917","page","type-page","status-publish","has-post-thumbnail","hentry"],"acf":[],"yoast_head":"<!-- This site is optimized with the Yoast SEO Premium plugin v27.0 (Yoast SEO v27.3) - https:\/\/yoast.com\/product\/yoast-seo-premium-wordpress\/ -->\n<title>Dokumentet Zyrtare t\u00eb QA-s\u00eb - Aldent University<\/title>\n<meta name=\"robots\" content=\"index, follow, max-snippet:-1, max-image-preview:large, max-video-preview:-1\" \/>\n<link rel=\"canonical\" href=\"https:\/\/ual.edu.al\/sq\/dokumentet-zyrtare-te-qa-se\/\" \/>\n<meta property=\"og:locale\" content=\"sq_AL\" \/>\n<meta property=\"og:type\" content=\"article\" \/>\n<meta property=\"og:title\" content=\"Dokumentet Zyrtare t\u00eb QA-s\u00eb - Aldent University\" \/>\n<meta property=\"og:description\" content=\"Lorem ipsum dolor sit amet, consectetur adipiscing elit. Ut elit tellus, luctus nec ullamcorper mattis, pulvinar dapibus leo.\" \/>\n<meta property=\"og:url\" content=\"https:\/\/ual.edu.al\/sq\/dokumentet-zyrtare-te-qa-se\/\" \/>\n<meta property=\"og:site_name\" content=\"Aldent University\" \/>\n<meta property=\"article:publisher\" content=\"https:\/\/www.facebook.com\/universitetialdent\" \/>\n<meta property=\"article:modified_time\" content=\"2026-03-12T20:25:12+00:00\" \/>\n<meta property=\"og:image\" content=\"https:\/\/ual.edu.al\/wp-content\/uploads\/2026\/01\/social-share.jpg\" \/>\n\t<meta property=\"og:image:width\" content=\"1830\" \/>\n\t<meta property=\"og:image:height\" content=\"778\" \/>\n\t<meta property=\"og:image:type\" content=\"image\/jpeg\" \/>\n<meta name=\"twitter:card\" content=\"summary_large_image\" \/>\n<script type=\"application\/ld+json\" class=\"yoast-schema-graph\">{\"@context\":\"https:\\\/\\\/schema.org\",\"@graph\":[{\"@type\":\"Article\",\"@id\":\"https:\\\/\\\/ual.edu.al\\\/sq\\\/dokumentet-zyrtare-te-qa-se\\\/#article\",\"isPartOf\":{\"@id\":\"https:\\\/\\\/ual.edu.al\\\/sq\\\/dokumentet-zyrtare-te-qa-se\\\/\"},\"author\":{\"name\":\"Web Master\",\"@id\":\"https:\\\/\\\/ual.edu.al\\\/sq\\\/#\\\/schema\\\/person\\\/c3c8f99cf2061777df16f09e4d5b8241\"},\"headline\":\"Dokumentet Zyrtare t\u00eb QA-s\u00eb\",\"datePublished\":\"2026-01-17T22:26:57+00:00\",\"dateModified\":\"2026-03-12T20:25:12+00:00\",\"mainEntityOfPage\":{\"@id\":\"https:\\\/\\\/ual.edu.al\\\/sq\\\/dokumentet-zyrtare-te-qa-se\\\/\"},\"wordCount\":25,\"publisher\":{\"@id\":\"https:\\\/\\\/ual.edu.al\\\/sq\\\/#organization\"},\"image\":{\"@id\":\"https:\\\/\\\/ual.edu.al\\\/sq\\\/dokumentet-zyrtare-te-qa-se\\\/#primaryimage\"},\"thumbnailUrl\":\"https:\\\/\\\/ual.edu.al\\\/wp-content\\\/uploads\\\/2026\\\/01\\\/social-share.jpg\",\"inLanguage\":\"sq\"},{\"@type\":\"WebPage\",\"@id\":\"https:\\\/\\\/ual.edu.al\\\/sq\\\/dokumentet-zyrtare-te-qa-se\\\/\",\"url\":\"https:\\\/\\\/ual.edu.al\\\/sq\\\/dokumentet-zyrtare-te-qa-se\\\/\",\"name\":\"Dokumentet Zyrtare t\u00eb QA-s\u00eb - Aldent University\",\"isPartOf\":{\"@id\":\"https:\\\/\\\/ual.edu.al\\\/sq\\\/#website\"},\"primaryImageOfPage\":{\"@id\":\"https:\\\/\\\/ual.edu.al\\\/sq\\\/dokumentet-zyrtare-te-qa-se\\\/#primaryimage\"},\"image\":{\"@id\":\"https:\\\/\\\/ual.edu.al\\\/sq\\\/dokumentet-zyrtare-te-qa-se\\\/#primaryimage\"},\"thumbnailUrl\":\"https:\\\/\\\/ual.edu.al\\\/wp-content\\\/uploads\\\/2026\\\/01\\\/social-share.jpg\",\"datePublished\":\"2026-01-17T22:26:57+00:00\",\"dateModified\":\"2026-03-12T20:25:12+00:00\",\"breadcrumb\":{\"@id\":\"https:\\\/\\\/ual.edu.al\\\/sq\\\/dokumentet-zyrtare-te-qa-se\\\/#breadcrumb\"},\"inLanguage\":\"sq\",\"potentialAction\":[{\"@type\":\"ReadAction\",\"target\":[\"https:\\\/\\\/ual.edu.al\\\/sq\\\/dokumentet-zyrtare-te-qa-se\\\/\"]}]},{\"@type\":\"ImageObject\",\"inLanguage\":\"sq\",\"@id\":\"https:\\\/\\\/ual.edu.al\\\/sq\\\/dokumentet-zyrtare-te-qa-se\\\/#primaryimage\",\"url\":\"https:\\\/\\\/ual.edu.al\\\/wp-content\\\/uploads\\\/2026\\\/01\\\/social-share.jpg\",\"contentUrl\":\"https:\\\/\\\/ual.edu.al\\\/wp-content\\\/uploads\\\/2026\\\/01\\\/social-share.jpg\",\"width\":1830,\"height\":778,\"caption\":\"Universiteti Aldent! Besoni te profesionist\u00ebt!\"},{\"@type\":\"BreadcrumbList\",\"@id\":\"https:\\\/\\\/ual.edu.al\\\/sq\\\/dokumentet-zyrtare-te-qa-se\\\/#breadcrumb\",\"itemListElement\":[{\"@type\":\"ListItem\",\"position\":1,\"name\":\"Kreu\",\"item\":\"https:\\\/\\\/ual.edu.al\\\/sq\\\/\"},{\"@type\":\"ListItem\",\"position\":2,\"name\":\"Dokumentet Zyrtare t\u00eb QA-s\u00eb\"}]},{\"@type\":\"WebSite\",\"@id\":\"https:\\\/\\\/ual.edu.al\\\/sq\\\/#website\",\"url\":\"https:\\\/\\\/ual.edu.al\\\/sq\\\/\",\"name\":\"Aldent University\",\"description\":\"Trust the Professionals\",\"publisher\":{\"@id\":\"https:\\\/\\\/ual.edu.al\\\/sq\\\/#organization\"},\"potentialAction\":[{\"@type\":\"SearchAction\",\"target\":{\"@type\":\"EntryPoint\",\"urlTemplate\":\"https:\\\/\\\/ual.edu.al\\\/sq\\\/?s={search_term_string}\"},\"query-input\":{\"@type\":\"PropertyValueSpecification\",\"valueRequired\":true,\"valueName\":\"search_term_string\"}}],\"inLanguage\":\"sq\"},{\"@type\":\"Organization\",\"@id\":\"https:\\\/\\\/ual.edu.al\\\/sq\\\/#organization\",\"name\":\"Universiteti Aldent\",\"alternateName\":\"UAL\",\"url\":\"https:\\\/\\\/ual.edu.al\\\/sq\\\/\",\"logo\":{\"@type\":\"ImageObject\",\"inLanguage\":\"sq\",\"@id\":\"https:\\\/\\\/ual.edu.al\\\/sq\\\/#\\\/schema\\\/logo\\\/image\\\/\",\"url\":\"https:\\\/\\\/ual.edu.al\\\/wp-content\\\/uploads\\\/2024\\\/09\\\/cropped-ual-icon.png\",\"contentUrl\":\"https:\\\/\\\/ual.edu.al\\\/wp-content\\\/uploads\\\/2024\\\/09\\\/cropped-ual-icon.png\",\"width\":512,\"height\":512,\"caption\":\"Universiteti Aldent\"},\"image\":{\"@id\":\"https:\\\/\\\/ual.edu.al\\\/sq\\\/#\\\/schema\\\/logo\\\/image\\\/\"},\"sameAs\":[\"https:\\\/\\\/www.facebook.com\\\/universitetialdent\",\"https:\\\/\\\/www.instagram.com\\\/universiteti.aldent\\\/\",\"https:\\\/\\\/www.linkedin.com\\\/company\\\/aldent-university\\\/\",\"https:\\\/\\\/www.youtube.com\\\/channel\\\/UCx4IIThWkgFpYEZgw5eUzNQ\"]},{\"@type\":\"Person\",\"@id\":\"https:\\\/\\\/ual.edu.al\\\/sq\\\/#\\\/schema\\\/person\\\/c3c8f99cf2061777df16f09e4d5b8241\",\"name\":\"Web Master\",\"image\":{\"@type\":\"ImageObject\",\"inLanguage\":\"sq\",\"@id\":\"https:\\\/\\\/secure.gravatar.com\\\/avatar\\\/1bb7ef95932d491bf6e6c542422d4f53554aa2b52b099f3ef079c8f170ac6a6b?s=96&d=mm&r=g\",\"url\":\"https:\\\/\\\/secure.gravatar.com\\\/avatar\\\/1bb7ef95932d491bf6e6c542422d4f53554aa2b52b099f3ef079c8f170ac6a6b?s=96&d=mm&r=g\",\"contentUrl\":\"https:\\\/\\\/secure.gravatar.com\\\/avatar\\\/1bb7ef95932d491bf6e6c542422d4f53554aa2b52b099f3ef079c8f170ac6a6b?s=96&d=mm&r=g\",\"caption\":\"Web Master\"},\"url\":\"https:\\\/\\\/ual.edu.al\\\/sq\\\/author\\\/webmaster\\\/\"}]}<\/script>\n<!-- \/ Yoast SEO Premium plugin. -->","yoast_head_json":{"title":"Dokumentet Zyrtare t\u00eb QA-s\u00eb - Aldent University","robots":{"index":"index","follow":"follow","max-snippet":"max-snippet:-1","max-image-preview":"max-image-preview:large","max-video-preview":"max-video-preview:-1"},"canonical":"https:\/\/ual.edu.al\/sq\/dokumentet-zyrtare-te-qa-se\/","og_locale":"sq_AL","og_type":"article","og_title":"Dokumentet Zyrtare t\u00eb QA-s\u00eb - Aldent University","og_description":"Lorem ipsum dolor sit amet, consectetur adipiscing elit. Ut elit tellus, luctus nec ullamcorper mattis, pulvinar dapibus leo.","og_url":"https:\/\/ual.edu.al\/sq\/dokumentet-zyrtare-te-qa-se\/","og_site_name":"Aldent University","article_publisher":"https:\/\/www.facebook.com\/universitetialdent","article_modified_time":"2026-03-12T20:25:12+00:00","og_image":[{"width":1830,"height":778,"url":"https:\/\/ual.edu.al\/wp-content\/uploads\/2026\/01\/social-share.jpg","type":"image\/jpeg"}],"twitter_card":"summary_large_image","schema":{"@context":"https:\/\/schema.org","@graph":[{"@type":"Article","@id":"https:\/\/ual.edu.al\/sq\/dokumentet-zyrtare-te-qa-se\/#article","isPartOf":{"@id":"https:\/\/ual.edu.al\/sq\/dokumentet-zyrtare-te-qa-se\/"},"author":{"name":"Web Master","@id":"https:\/\/ual.edu.al\/sq\/#\/schema\/person\/c3c8f99cf2061777df16f09e4d5b8241"},"headline":"Dokumentet Zyrtare t\u00eb QA-s\u00eb","datePublished":"2026-01-17T22:26:57+00:00","dateModified":"2026-03-12T20:25:12+00:00","mainEntityOfPage":{"@id":"https:\/\/ual.edu.al\/sq\/dokumentet-zyrtare-te-qa-se\/"},"wordCount":25,"publisher":{"@id":"https:\/\/ual.edu.al\/sq\/#organization"},"image":{"@id":"https:\/\/ual.edu.al\/sq\/dokumentet-zyrtare-te-qa-se\/#primaryimage"},"thumbnailUrl":"https:\/\/ual.edu.al\/wp-content\/uploads\/2026\/01\/social-share.jpg","inLanguage":"sq"},{"@type":"WebPage","@id":"https:\/\/ual.edu.al\/sq\/dokumentet-zyrtare-te-qa-se\/","url":"https:\/\/ual.edu.al\/sq\/dokumentet-zyrtare-te-qa-se\/","name":"Dokumentet Zyrtare t\u00eb QA-s\u00eb - Aldent University","isPartOf":{"@id":"https:\/\/ual.edu.al\/sq\/#website"},"primaryImageOfPage":{"@id":"https:\/\/ual.edu.al\/sq\/dokumentet-zyrtare-te-qa-se\/#primaryimage"},"image":{"@id":"https:\/\/ual.edu.al\/sq\/dokumentet-zyrtare-te-qa-se\/#primaryimage"},"thumbnailUrl":"https:\/\/ual.edu.al\/wp-content\/uploads\/2026\/01\/social-share.jpg","datePublished":"2026-01-17T22:26:57+00:00","dateModified":"2026-03-12T20:25:12+00:00","breadcrumb":{"@id":"https:\/\/ual.edu.al\/sq\/dokumentet-zyrtare-te-qa-se\/#breadcrumb"},"inLanguage":"sq","potentialAction":[{"@type":"ReadAction","target":["https:\/\/ual.edu.al\/sq\/dokumentet-zyrtare-te-qa-se\/"]}]},{"@type":"ImageObject","inLanguage":"sq","@id":"https:\/\/ual.edu.al\/sq\/dokumentet-zyrtare-te-qa-se\/#primaryimage","url":"https:\/\/ual.edu.al\/wp-content\/uploads\/2026\/01\/social-share.jpg","contentUrl":"https:\/\/ual.edu.al\/wp-content\/uploads\/2026\/01\/social-share.jpg","width":1830,"height":778,"caption":"Universiteti Aldent! Besoni te profesionist\u00ebt!"},{"@type":"BreadcrumbList","@id":"https:\/\/ual.edu.al\/sq\/dokumentet-zyrtare-te-qa-se\/#breadcrumb","itemListElement":[{"@type":"ListItem","position":1,"name":"Kreu","item":"https:\/\/ual.edu.al\/sq\/"},{"@type":"ListItem","position":2,"name":"Dokumentet Zyrtare t\u00eb QA-s\u00eb"}]},{"@type":"WebSite","@id":"https:\/\/ual.edu.al\/sq\/#website","url":"https:\/\/ual.edu.al\/sq\/","name":"Aldent University","description":"Trust the Professionals","publisher":{"@id":"https:\/\/ual.edu.al\/sq\/#organization"},"potentialAction":[{"@type":"SearchAction","target":{"@type":"EntryPoint","urlTemplate":"https:\/\/ual.edu.al\/sq\/?s={search_term_string}"},"query-input":{"@type":"PropertyValueSpecification","valueRequired":true,"valueName":"search_term_string"}}],"inLanguage":"sq"},{"@type":"Organization","@id":"https:\/\/ual.edu.al\/sq\/#organization","name":"Universiteti Aldent","alternateName":"UAL","url":"https:\/\/ual.edu.al\/sq\/","logo":{"@type":"ImageObject","inLanguage":"sq","@id":"https:\/\/ual.edu.al\/sq\/#\/schema\/logo\/image\/","url":"https:\/\/ual.edu.al\/wp-content\/uploads\/2024\/09\/cropped-ual-icon.png","contentUrl":"https:\/\/ual.edu.al\/wp-content\/uploads\/2024\/09\/cropped-ual-icon.png","width":512,"height":512,"caption":"Universiteti Aldent"},"image":{"@id":"https:\/\/ual.edu.al\/sq\/#\/schema\/logo\/image\/"},"sameAs":["https:\/\/www.facebook.com\/universitetialdent","https:\/\/www.instagram.com\/universiteti.aldent\/","https:\/\/www.linkedin.com\/company\/aldent-university\/","https:\/\/www.youtube.com\/channel\/UCx4IIThWkgFpYEZgw5eUzNQ"]},{"@type":"Person","@id":"https:\/\/ual.edu.al\/sq\/#\/schema\/person\/c3c8f99cf2061777df16f09e4d5b8241","name":"Web Master","image":{"@type":"ImageObject","inLanguage":"sq","@id":"https:\/\/secure.gravatar.com\/avatar\/1bb7ef95932d491bf6e6c542422d4f53554aa2b52b099f3ef079c8f170ac6a6b?s=96&d=mm&r=g","url":"https:\/\/secure.gravatar.com\/avatar\/1bb7ef95932d491bf6e6c542422d4f53554aa2b52b099f3ef079c8f170ac6a6b?s=96&d=mm&r=g","contentUrl":"https:\/\/secure.gravatar.com\/avatar\/1bb7ef95932d491bf6e6c542422d4f53554aa2b52b099f3ef079c8f170ac6a6b?s=96&d=mm&r=g","caption":"Web Master"},"url":"https:\/\/ual.edu.al\/sq\/author\/webmaster\/"}]}},"ticketed":false,"_links":{"self":[{"href":"https:\/\/ual.edu.al\/sq\/wp-json\/wp\/v2\/pages\/21917","targetHints":{"allow":["GET"]}}],"collection":[{"href":"https:\/\/ual.edu.al\/sq\/wp-json\/wp\/v2\/pages"}],"about":[{"href":"https:\/\/ual.edu.al\/sq\/wp-json\/wp\/v2\/types\/page"}],"author":[{"embeddable":true,"href":"https:\/\/ual.edu.al\/sq\/wp-json\/wp\/v2\/users\/2"}],"replies":[{"embeddable":true,"href":"https:\/\/ual.edu.al\/sq\/wp-json\/wp\/v2\/comments?post=21917"}],"version-history":[{"count":0,"href":"https:\/\/ual.edu.al\/sq\/wp-json\/wp\/v2\/pages\/21917\/revisions"}],"wp:featuredmedia":[{"embeddable":true,"href":"https:\/\/ual.edu.al\/sq\/wp-json\/wp\/v2\/media\/20385"}],"wp:attachment":[{"href":"https:\/\/ual.edu.al\/sq\/wp-json\/wp\/v2\/media?parent=21917"}],"curies":[{"name":"wp","href":"https:\/\/api.w.org\/{rel}","templated":true}]}}